{"id":231,"date":"2020-12-04T16:52:10","date_gmt":"2020-12-04T15:52:10","guid":{"rendered":"http:\/\/fondationdesartistes.fr\/en\/?page_id=231"},"modified":"2021-01-21T20:11:48","modified_gmt":"2021-01-21T19:11:48","slug":"donation-requests","status":"publish","type":"page","link":"https:\/\/fondationdesartistes.fr\/en\/donation-requests\/","title":{"rendered":"Donation \/ Requests"},"content":{"rendered":"\n<h1>Donation \/ Requests<\/h1>\n\n\n\n<p>The Fondation des Artistes, recognized of public utility and as a not-for-profit entity, was created to administer the two founding bequests of the Baroness de Rothschild in 1922 in Paris, and of the Smith\u2019s sisters in 1944 in Nogent-sur-Marne.&nbsp;&nbsp;<\/p>\n\n\n\n<p>Since then, the foundation has also benefitted from the generosity of other great personalities like Pierre Guastalla, Andr\u00e9e Joubert, Jeanne Berthomme Saint-Andr\u00e9, David David-Weill, Andr\u00e9 Dignimont, Georgette Le Campion, Andr\u00e9 Leroux, Andr\u00e9e Pradal, Claire Stoppelaere, Emmanuel Jodelet, Jeanne Huillard and many others. A generous donation was recently made in memory of Michel Nessim Boukris. These benefactors valued the Maison nationale des artistes as a social and cultural institution at the service of artists administered by the Fondation des Artistes and wanted to give their financial support.&nbsp;<\/p>\n\n\n\n<p>The Fondation des Artistes is a great tool to administer bequests for artists. To that effect, all donations (while the person is alive), bequests (through testamentary dispositions) and patronage actions contributing to the implementation and development of the foundation\u2019s mission are tax-deductible and give right to tax reductions.&nbsp;<\/p>\n\n\n\n<h2>Make a donation<\/h2>\n\n\n\n<p>If you wish to make a donation to the Fondation des Artistes to support and grow its actions, please fill-up the form, and we will get in touch with you.&nbsp;<\/p>\n\n\n\n<p>For private donations, individuals can deduce 66% of the amount of their donation to the Fondation des Artistes from their income tax, within the limit of 20% of their taxable income (Article 200 of the Code G\u00e9n\u00e9ral des Imp\u00f4ts).\u00a0For corporate donations by companies taxable in France, 60% of the amount of their donation to the Fondation des Artistes is tax-deductible from their corporate tax or income tax within the limit of 0,5% of their total revenue (Article 238 bis from the Code G\u00e9n\u00e9ral des Imp\u00f4ts)<\/p>\n\n\n\n<p><a href=\"mailto:contact@fondationdesartistes.fr\">contact@fondationdesartistes.fr<\/a><\/p>\n","protected":false},"excerpt":{"rendered":"<p>Donation \/ Requests The Fondation des Artistes, recognized of public utility and as a not-for-profit entity, was created to administer the two founding bequests of the<span class=\"excerpt-hellip\">\u2026<\/span><\/p>\n","protected":false},"author":1,"featured_media":0,"parent":0,"menu_order":0,"comment_status":"closed","ping_status":"closed","template":"","meta":[],"_links":{"self":[{"href":"https:\/\/fondationdesartistes.fr\/en\/wp-json\/wp\/v2\/pages\/231"}],"collection":[{"href":"https:\/\/fondationdesartistes.fr\/en\/wp-json\/wp\/v2\/pages"}],"about":[{"href":"https:\/\/fondationdesartistes.fr\/en\/wp-json\/wp\/v2\/types\/page"}],"author":[{"embeddable":true,"href":"https:\/\/fondationdesartistes.fr\/en\/wp-json\/wp\/v2\/users\/1"}],"replies":[{"embeddable":true,"href":"https:\/\/fondationdesartistes.fr\/en\/wp-json\/wp\/v2\/comments?post=231"}],"version-history":[{"count":3,"href":"https:\/\/fondationdesartistes.fr\/en\/wp-json\/wp\/v2\/pages\/231\/revisions"}],"predecessor-version":[{"id":324,"href":"https:\/\/fondationdesartistes.fr\/en\/wp-json\/wp\/v2\/pages\/231\/revisions\/324"}],"wp:attachment":[{"href":"https:\/\/fondationdesartistes.fr\/en\/wp-json\/wp\/v2\/media?parent=231"}],"curies":[{"name":"wp","href":"https:\/\/api.w.org\/{rel}","templated":true}]}}